{"id":942,"date":"2025-06-10T21:52:14","date_gmt":"2025-06-10T19:52:14","guid":{"rendered":"https:\/\/www.agentzia.es\/?page_id=942"},"modified":"2026-03-10T22:52:52","modified_gmt":"2026-03-10T21:52:52","slug":"quienes-somos","status":"publish","type":"page","link":"https:\/\/agentzia.es\/eu\/quienes-somos\/","title":{"rendered":"Nortzuk gara"},"content":{"rendered":"<h3 class=\"wp-block-heading\">Nire historia<\/h3>\n\n\n\n<p>Hace unos meses descubr\u00ed el potencial de la automatizaci\u00f3n con inteligencia artificial para pymes y c\u00f3mo puede transformar negocios.<\/p>\n\n\n\n<p>A partir de esa experiencia naci\u00f3 AgentzIA, una agencia de inteligencia artificial enfocada en ayudar a emprendedores y peque\u00f1as empresas a automatizar procesos y trabajar de forma m\u00e1s eficiente.<\/p>\n\n\n\n<h3 class=\"wp-block-heading\">Mi Misi\u00f3n en la Automatizaci\u00f3n con IA<\/h3>\n\n\n\n<div class=\"wp-block-stackable-image alignright stk-block-image has-text-align-center stk-block stk-49530ce\" data-block-id=\"49530ce\"><style>.stk-49530ce .stk-img-wrapper{width:680px !important;}@media screen and (max-width:999px){.stk-49530ce .stk-img-wrapper{width:350px !important;height:333px !important;}}@media screen and (max-width:689px){.stk-49530ce .stk-img-wrapper{width:300px !important;height:286px !important;}}<\/style><figure><span class=\"stk-img-wrapper stk-image--shape-stretch\"><img decoding=\"async\" class=\"stk-img wp-image-948\" src=\"https:\/\/www.agentzia.es\/wp-content\/uploads\/2025\/06\/d2f9849c37b04314ab1b097bbb6da488-e1749564239317.jpg\" width=\"680\" height=\"648\" alt=\"Automatizaci\u00f3n con inteligencia artificial para pymes \u2013 AgentzIA\" srcset=\"https:\/\/agentzia.es\/wp-content\/uploads\/2025\/06\/d2f9849c37b04314ab1b097bbb6da488-e1749564239317.jpg 680w, https:\/\/agentzia.es\/wp-content\/uploads\/2025\/06\/d2f9849c37b04314ab1b097bbb6da488-e1749564239317-300x286.jpg 300w, https:\/\/agentzia.es\/wp-content\/uploads\/2025\/06\/d2f9849c37b04314ab1b097bbb6da488-e1749564239317-13x12.jpg 13w\" sizes=\"(max-width: 680px) 100vw, 680px\" \/><\/span><\/figure><\/div>\n\n\n\n<p class=\"translation-block\">Ez naiz 20 urteko esperientzia duen IAko gurua. <strong>Zu bezalako ekintzailea<\/strong> naiz, eta automatizazioan espezializatzea erabaki dut, sortzen duen benetako inpaktua ikusten baitut.<\/p>\n\n\n\n<p>Nire ikuspegia sinplea da:<\/p>\n\n\n\n<p>&#8211;<strong>Etengabe ikastea<\/strong> IAren azken tresnak<\/p>\n\n\n\n<p>-Probar primero las soluciones en mi propio negocio<\/p>\n\n\n\n<p>-Compartir lo que realmente funciona con otros emprendedores<\/p>\n\n\n\n<div class=\"wp-block-stackable-heading stk-block-heading stk-block-heading--v2 stk-block stk-508b969\" id=\"quien-esta-detras-de-agentz-ia-agencia-de-inteligencia-artificial\" data-block-id=\"508b969\"><h3 class=\"stk-block-heading__text\">Qui\u00e9n est\u00e1 detr\u00e1s de AgentzIA, agencia de inteligencia artificial<\/h3><\/div>\n\n\n\n<p>Detr\u00e1s de AgentzIA, agencia de inteligencia artificial especializada en automatizaci\u00f3n, est\u00e1 Markel, t\u00e9cnico electr\u00f3nico con una fuerte afinidad por la tecnolog\u00eda y la automatizaci\u00f3n.<\/p>\n\n\n\n<p>Su inter\u00e9s por la inteligencia artificial le llev\u00f3 a especializarse en soluciones de automatizaci\u00f3n aplicadas a negocios reales, con el objetivo de ayudar a empresas a trabajar de forma m\u00e1s eficiente.<\/p>\n\n\n\n<h3 class=\"wp-block-heading\">Nire konpromisoa zurekin<\/h3>\n\n\n\n<p>No prometo milagros ni soluciones m\u00e1gicas.<\/p>\n\n\n\n<p>Mi objetivo es ayudarte a automatizar procesos de forma pr\u00e1ctica, con soluciones que realmente ahorren tiempo y mejoren la eficiencia de tu negocio.<\/p>","protected":false},"excerpt":{"rendered":"<p>Mi Historia Hace unos meses descubr\u00ed el potencial de la automatizaci\u00f3n con inteligencia artificial para pymes y c\u00f3mo puede transformar negocios. A partir de esa experiencia naci\u00f3 AgentzIA, una agencia de inteligencia artificial enfocada en ayudar a emprendedores y peque\u00f1as empresas a automatizar procesos y trabajar de forma m\u00e1s eficiente. Mi Misi\u00f3n en la Automatizaci\u00f3n [&hellip;]<\/p>\n","protected":false},"author":1,"featured_media":0,"parent":0,"menu_order":0,"comment_status":"closed","ping_status":"closed","template":"","meta":{"footnotes":""},"class_list":["post-942","page","type-page","status-publish","hentry"],"blocksy_meta":[],"_links":{"self":[{"href":"https:\/\/agentzia.es\/eu\/wp-json\/wp\/v2\/pages\/942","targetHints":{"allow":["GET"]}}],"collection":[{"href":"https:\/\/agentzia.es\/eu\/wp-json\/wp\/v2\/pages"}],"about":[{"href":"https:\/\/agentzia.es\/eu\/wp-json\/wp\/v2\/types\/page"}],"author":[{"embeddable":true,"href":"https:\/\/agentzia.es\/eu\/wp-json\/wp\/v2\/users\/1"}],"replies":[{"embeddable":true,"href":"https:\/\/agentzia.es\/eu\/wp-json\/wp\/v2\/comments?post=942"}],"version-history":[{"count":17,"href":"https:\/\/agentzia.es\/eu\/wp-json\/wp\/v2\/pages\/942\/revisions"}],"predecessor-version":[{"id":1399,"href":"https:\/\/agentzia.es\/eu\/wp-json\/wp\/v2\/pages\/942\/revisions\/1399"}],"wp:attachment":[{"href":"https:\/\/agentzia.es\/eu\/wp-json\/wp\/v2\/media?parent=942"}],"curies":[{"name":"wp","href":"https:\/\/api.w.org\/{rel}","templated":true}]}}