{"id":17,"date":"2022-05-12T15:29:24","date_gmt":"2022-05-12T15:29:24","guid":{"rendered":"https:\/\/startersites.io\/blocksy\/bizconsult\/?page_id=17"},"modified":"2025-10-01T21:39:00","modified_gmt":"2025-10-01T19:39:00","slug":"contacto-agentzia","status":"publish","type":"page","link":"https:\/\/agentzia.es\/eu\/contacto-agentzia\/","title":{"rendered":"Kontaktatu"},"content":{"rendered":"<div class=\"wp-block-stackable-spacer stk-block-spacer stk--no-padding stk-block stk-c9863af\" data-block-id=\"c9863af\"><style>.stk-c9863af {height:100px !important;}<\/style><\/div>\n\n\n\n<div class=\"wp-block-group is-layout-constrained wp-block-group-is-layout-constrained\">\n<div class=\"wp-block-stackable-heading stk-block-heading stk-block-heading--v2 stk-block stk-f9b26fc\" id=\"conecta-con-osotros-el-primer-paso-hacia-tu-transformacion\" data-block-id=\"f9b26fc\"><h2 class=\"stk-block-heading__text has-text-align-center\">Konektatu AgentzIA-rekin: ETEentzako adimen artifizialarekin automatizazioari buruz gurekin hitz egin dezakezun harremanetarako espazioa.<\/h2><\/div>\n\n\n\n<p><\/p>\n\n\n\n<p class=\"has-text-align-left\"><strong>Ongi etorri AgentzIA harremanetarako orrialdera<\/strong>, gurekin zuzenean hitz egin dezakezun espazioa nola <strong>automatizazioa ETEentzako adimen artifiziala<\/strong> denbora aurrezten, kostuak murrizten eta zure negozioaren produktibitatea hobetzen lagun dezake.<\/p>\n\n\n\n<p class=\"has-text-align-left translation-block\">AgentzIA <\/strong> kontaktu honen bidez, informazioa eska dezakezu, galderak konpondu edo zure konpainia digitalizatzeko bidean non dagoen esan dezakezu. Konponbide errealak eta egokituak proposatzeko zure beharrak ezagutzea interesatzen zaigu, beti automatizazio teknologia berrienen laguntzarekin.<\/p>\n\n\n\n<p class=\"has-text-align-left\">Badakigu ETE bakoitza bakarra dela, horregatik arreta berezia jartzen dugu zure helburuak ulertzeko estrategia bat gomendatu aurretik. Barne prozesuak automatizatu nahi dituzun ala ez, adimen artifizialeko laguntzaileak integratu edo datuen kudeaketa hobetu nahi baduzu, AgentzIA-n aliatu estua eta gardena aurkituko duzu.<\/p>\n\n\n\n<p class=\"has-text-align-left translation-block\">\ud83d\udc49 Proiektu honen atzean dagoenari buruz gehiago jakin nahi baduzu, bisitatu <a href=\"https:\/\/agentzia.es\/eu\/automatizacion-inteligencia-artificial-pymes\/\"> Nor naiz <\/a> atala. Gure <a href=\"https:\/\/agentzia.es\/eu\/blog\/\"> Adimen Artifizialaren Bloga <\/a> arakatu dezakezu artikulu praktikoak irakurtzeko, hemen hitz egiten duguna osatzen duten kasuak eta gidak erabiltzeko.<\/p>\n\n\n\n<p class=\"has-text-align-left\">Gure konpromisoa kanal honetatik 24 ordu baino gutxiagora iristen diren eskaera guztiei erantzutea da. Gainera, nahiago baduzu, zuzenean gure posta elektronikora idatzi edo sare sozialen bidez konektatu ahal izango duzu, non ETEei aplikatutako AIari buruzko albisteak eta aholkuak partekatzen ditugun.<\/p>\n\n\n\n<p class=\"has-text-align-left translation-block\">AgentzIA harremanetarako orria <\/indartsua> da gurekin lanean hasteko zure sarrera puntua. Bete inprimakia, esan iezaguzu zure egoera eta eman lehenengo urratsa etorkizunerako prestatutako ETE arinago batera, adimen artifizialarekin automatizazioari esker.<\/p>\n\n\n\n<p class=\"has-text-align-center\">Nahiago duzu zuzenean hitz egitea? <\/p>\n\n\n\n<p class=\"has-text-align-center\">Gurekin deia programatu dezakezu onena egokitzen zaizun bakoitzean.<\/p>\n\n\n\n<p class=\"has-text-align-center translation-block\"><a href=\"https:\/\/cal.com\/agentzia\/30min\"> \ud83d\udcc5 <strong> Erreserbatu hitzordua hemen <\/strong> <\/a><\/p>\n\n\n\n<p class=\"has-text-align-center\">Edo nahiago baduzu, bete beheko formularioa eta lehenbailehen erantzungo dugu.<\/p>\n<\/div>\n\n\n\n<div class=\"wpcf7 no-js\" id=\"wpcf7-f798-o1\" lang=\"es-ES\" dir=\"ltr\" data-wpcf7-id=\"798\">\n<div class=\"screen-reader-response\"><p role=\"status\" aria-live=\"polite\" aria-atomic=\"true\"><\/p> <ul><\/ul><\/div>\n<form action=\"\/eu\/wp-json\/wp\/v2\/pages\/17#wpcf7-f798-o1\" method=\"post\" class=\"wpcf7-form init\" aria-label=\"Formulario de contacto\" novalidate=\"novalidate\" data-status=\"init\" data-trp-original-action=\"\/eu\/wp-json\/wp\/v2\/pages\/17#wpcf7-f798-o1\">\n<fieldset class=\"hidden-fields-container\"><input type=\"hidden\" name=\"_wpcf7\" value=\"798\" \/><input type=\"hidden\" name=\"_wpcf7_version\" value=\"6.1.5\" \/><input type=\"hidden\" name=\"_wpcf7_locale\" value=\"es_ES\" \/><input type=\"hidden\" name=\"_wpcf7_unit_tag\" value=\"wpcf7-f798-o1\" \/><input type=\"hidden\" name=\"_wpcf7_container_post\" value=\"0\" \/><input type=\"hidden\" name=\"_wpcf7_posted_data_hash\" value=\"\" \/>\n<\/fieldset>\n<p><label> Zure izena<br \/>\n<span class=\"wpcf7-form-control-wrap\" data-name=\"your-name\"><input size=\"40\" maxlength=\"400\" class=\"wpcf7-form-control wpcf7-text wpcf7-validates-as-required\" autocomplete=\"name\" aria-required=\"true\" aria-invalid=\"false\" value=\"\" type=\"text\" name=\"your-name\" \/><\/span> <\/label>\n<\/p>\n<p><label> Posta elektronikoa<br \/>\n<span class=\"wpcf7-form-control-wrap\" data-name=\"your-email\"><input size=\"40\" maxlength=\"400\" class=\"wpcf7-form-control wpcf7-email wpcf7-validates-as-required wpcf7-text wpcf7-validates-as-email\" autocomplete=\"email\" aria-required=\"true\" aria-invalid=\"false\" value=\"\" type=\"email\" name=\"your-email\" \/><\/span> <\/label>\n<\/p>\n<p><label> Ze negozio daukazu?<br \/>\n<span class=\"wpcf7-form-control-wrap\" data-name=\"your-subject\"><input size=\"40\" maxlength=\"400\" class=\"wpcf7-form-control wpcf7-text wpcf7-validates-as-required\" aria-required=\"true\" aria-invalid=\"false\" value=\"\" type=\"text\" name=\"your-subject\" \/><\/span> <\/label>\n<\/p>\n<p><label> Zure mesua (aukerakoa)<br \/>\n<span class=\"wpcf7-form-control-wrap\" data-name=\"your-message\"><textarea cols=\"40\" rows=\"10\" maxlength=\"2000\" class=\"wpcf7-form-control wpcf7-textarea\" aria-invalid=\"false\" name=\"your-message\"><\/textarea><\/span> <\/label>\n<\/p>\n<p><input class=\"wpcf7-form-control wpcf7-submit has-spinner\" type=\"submit\" value=\"Bialdu\" \/>\n<\/p><div class=\"wpcf7-response-output\" aria-hidden=\"true\"><\/div>\n<input type=\"hidden\" name=\"trp-form-language\" value=\"eu\"\/><\/form>\n<\/div>","protected":false},"excerpt":{"rendered":"<p>Conecta con AgentzIA: el espacio de contacto donde podr\u00e1s hablar con nosotros sobre automatizaci\u00f3n con inteligencia artificial para pymes. Bienvenido a la p\u00e1gina de contacto AgentzIA, el espacio donde puedes hablar directamente con nosotros sobre c\u00f3mo la automatizaci\u00f3n con inteligencia artificial para pymes puede ayudarte a ahorrar tiempo, reducir costes y mejorar la productividad de [&hellip;]<\/p>\n","protected":false},"author":1,"featured_media":0,"parent":0,"menu_order":0,"comment_status":"closed","ping_status":"closed","template":"","meta":{"footnotes":""},"class_list":["post-17","page","type-page","status-publish","hentry"],"blocksy_meta":{"styles_descriptor":{"styles":{"desktop":"","tablet":"","mobile":""},"google_fonts":[],"version":6},"page_title_panel":"","has_hero_section":"disabled","e37fe3d1f2b8ef45954126c9dc201379":"","hero_section":"type-1","hero_elements":[{"id":"custom_title","enabled":true,"heading_tag":"h1","title":"Home"},{"id":"custom_description","enabled":true,"description_visibility":{"desktop":true,"tablet":true,"mobile":false}},{"id":"custom_meta","enabled":false,"meta_elements":[{"id":"author","enabled":true,"label":"By","has_author_avatar":"yes","avatar_size":25},{"id":"post_date","enabled":true,"label":"On","date_format_source":"default","date_format":"M j, Y"},{"id":"updated_date","enabled":false,"label":"On","date_format_source":"default","date_format":"M j, Y"},{"id":"categories","enabled":false,"label":"In","style":"simple"},{"id":"comments","enabled":true}],"page_meta_elements":{"joined":true,"articles_count":true,"comments":true}},{"id":"breadcrumbs","enabled":false}],"4d051528ea1bbd628d4f05c433b89674":"","hero_alignment1":"CT_CSS_SKIP_RULE","hero_margin":40,"hero_alignment2":"center","hero_vertical_alignment":"center","4882edb7f6bbee10edc1739cb807b323":"","hero_structure":"narrow","5d8c77385b1854b9aaf8712d83d1dfcd":"","page_title_bg_type":"featured_image","custom_hero_background":{"attachment_id":null},"page_title_image_size":"full","parallax":{"desktop":false,"tablet":false,"mobile":false},"33e6d4720aa5a5ddfc8c1111ca11b66c":"","hero_height":"250px","pageTitleFont":{"family":"Default","variation":"Default","size":"30px","line-height":"CT_CSS_SKIP_RULE","letter-spacing":"CT_CSS_SKIP_RULE","text-transform":"CT_CSS_SKIP_RULE","text-decoration":"CT_CSS_SKIP_RULE"},"pageTitleFontColor":{"default":{"color":"CT_CSS_SKIP_RULEDEFAULT"}},"pageMetaFont":{"family":"Default","variation":"n6","size":"12px","line-height":"1.3","letter-spacing":"CT_CSS_SKIP_RULE","text-transform":"uppercase","text-decoration":"CT_CSS_SKIP_RULE"},"pageMetaFontColor":{"default":{"color":"CT_CSS_SKIP_RULEDEFAULT"},"hover":{"color":"CT_CSS_SKIP_RULEDEFAULT"}},"page_meta_button_type_font_colors":{"default":{"color":"CT_CSS_SKIP_RULEDEFAULT"},"hover":{"color":"CT_CSS_SKIP_RULEDEFAULT"}},"page_meta_button_type_background_colors":{"default":{"color":"CT_CSS_SKIP_RULEDEFAULT"},"hover":{"color":"CT_CSS_SKIP_RULEDEFAULT"}},"pageExcerptFont":{"family":"Default","variation":"Default","size":"CT_CSS_SKIP_RULE","line-height":"CT_CSS_SKIP_RULE","letter-spacing":"CT_CSS_SKIP_RULE","text-transform":"CT_CSS_SKIP_RULE","text-decoration":"CT_CSS_SKIP_RULE"},"pageExcerptColor":{"default":{"color":"CT_CSS_SKIP_RULEDEFAULT"}},"breadcrumbsFont":{"family":"Default","variation":"Default","size":"CT_CSS_SKIP_RULE","line-height":"CT_CSS_SKIP_RULE","letter-spacing":"CT_CSS_SKIP_RULE","text-transform":"CT_CSS_SKIP_RULE","text-decoration":"CT_CSS_SKIP_RULE"},"breadcrumbsFontColor":{"default":{"color":"CT_CSS_SKIP_RULEDEFAULT"},"initial":{"color":"CT_CSS_SKIP_RULEDEFAULT"},"hover":{"color":"CT_CSS_SKIP_RULEDEFAULT"}},"pageTitleOverlay":{"background_type":"color","background_pattern":"type-1","background_image":{"attachment_id":null,"x":0,"y":0},"gradient":"linear-gradient(135deg,rgba(6,147,227,1) 0%,rgb(155,81,224) 100%)","background_repeat":"repeat","background_size":"auto","background_attachment":"scroll","patternColor":{"default":{"color":"#e5e7ea"}},"overlayColor":{"default":{"color":"CT_CSS_SKIP_RULE"}},"backgroundColor":{"default":{"color":"CT_CSS_SKIP_RULE"}}},"pageTitleBackground":{"background_type":"color","background_pattern":"type-1","background_image":{"attachment_id":null,"x":0,"y":0},"gradient":"linear-gradient(135deg,rgba(6,147,227,1) 0%,rgb(155,81,224) 100%)","background_repeat":"repeat","background_size":"auto","background_attachment":"scroll","patternColor":{"default":{"color":"#e5e7ea"}},"overlayColor":{"default":{"color":"CT_CSS_SKIP_RULE"}},"backgroundColor":{"default":{"color":"var(--theme-palette-color-6)"}}},"pageTitlePadding":{"top":"50px","bottom":"50px","left":"auto","right":"auto","linked":true},"38b08d26eedebe0c0ad9780d043af081":"","page_structure_type":"type-3","22f4e2247730630ddcf1d2b736dbc81d":"","content_style_source":"inherit","content_style":"wide","vertical_spacing_source":"custom","content_area_spacing":"none","background":{"background_type":"color","background_pattern":"type-1","background_image":{"attachment_id":null,"x":0,"y":0},"gradient":"linear-gradient(135deg,rgba(6,147,227,1) 0%,rgb(155,81,224) 100%)","background_repeat":"repeat","background_size":"auto","background_attachment":"scroll","patternColor":{"default":{"color":"#e5e7ea"}},"overlayColor":{"default":{"color":"CT_CSS_SKIP_RULE"}},"backgroundColor":{"default":{"color":"CT_CSS_SKIP_RULE"}}},"content_background":{"background_type":"color","background_pattern":"type-1","background_image":{"attachment_id":null,"x":0,"y":0},"gradient":"linear-gradient(135deg,rgba(6,147,227,1) 0%,rgb(155,81,224) 100%)","background_repeat":"repeat","background_size":"auto","background_attachment":"scroll","patternColor":{"default":{"color":"#e5e7ea"}},"overlayColor":{"default":{"color":"CT_CSS_SKIP_RULE"}},"backgroundColor":{"default":{"color":"var(--theme-palette-color-8)"}}},"content_boxed_shadow":{"inherit":false,"blur":18,"spread":-6,"v_offset":12,"h_offset":0,"inset":false,"enable":true,"color":{"color":"rgba(34, 56, 101, 0.04)"}},"content_boxed_border":{"width":1,"style":"none","color":{"color":"rgba(44,62,80,0.2)"}},"content_boxed_radius":{"top":"3px","bottom":"3px","left":"3px","right":"3px","linked":true},"boxed_content_spacing":{"desktop":{"top":"40px","bottom":"40px","left":"40px","right":"40px","linked":true},"tablet":{"top":"35px","bottom":"35px","left":"35px","right":"35px","linked":true},"mobile":{"top":"20px","bottom":"20px","left":"20px","right":"20px","linked":true}},"187cc48ed5f490ee352644d154bc3cd0":"","disable_featured_image":"no","disable_share_box":"no","disable_header":"no","disable_footer":"no"},"_links":{"self":[{"href":"https:\/\/agentzia.es\/eu\/wp-json\/wp\/v2\/pages\/17","targetHints":{"allow":["GET"]}}],"collection":[{"href":"https:\/\/agentzia.es\/eu\/wp-json\/wp\/v2\/pages"}],"about":[{"href":"https:\/\/agentzia.es\/eu\/wp-json\/wp\/v2\/types\/page"}],"author":[{"embeddable":true,"href":"https:\/\/agentzia.es\/eu\/wp-json\/wp\/v2\/users\/1"}],"replies":[{"embeddable":true,"href":"https:\/\/agentzia.es\/eu\/wp-json\/wp\/v2\/comments?post=17"}],"version-history":[{"count":15,"href":"https:\/\/agentzia.es\/eu\/wp-json\/wp\/v2\/pages\/17\/revisions"}],"predecessor-version":[{"id":1169,"href":"https:\/\/agentzia.es\/eu\/wp-json\/wp\/v2\/pages\/17\/revisions\/1169"}],"wp:attachment":[{"href":"https:\/\/agentzia.es\/eu\/wp-json\/wp\/v2\/media?parent=17"}],"curies":[{"name":"wp","href":"https:\/\/api.w.org\/{rel}","templated":true}]}}